{"id":6098,"date":"2025-06-24T12:21:14","date_gmt":"2025-06-24T12:21:14","guid":{"rendered":"https:\/\/revo-hospitality-group.com\/barrierefreiheitserklaerung\/"},"modified":"2025-08-05T08:58:54","modified_gmt":"2025-08-05T08:58:54","slug":"barrierefreiheitserklaerung","status":"publish","type":"page","link":"https:\/\/revo-hospitality-group.com\/de\/barrierefreiheitserklaerung\/","title":{"rendered":"Barrierefreiheit"},"content":{"rendered":"<div class=\"fusion-fullwidth fullwidth-box fusion-builder-row-1 fusion-flex-container has-pattern-background has-mask-background nonhundred-percent-fullwidth non-hundred-percent-height-scrolling\" style=\"--awb-border-radius-top-left:0px;--awb-border-radius-top-right:0px;--awb-border-radius-bottom-right:0px;--awb-border-radius-bottom-left:0px;--awb-flex-wrap:wrap;\" ><div class=\"fusion-builder-row fusion-row fusion-flex-align-items-flex-start fusion-flex-content-wrap\" style=\"max-width:1248px;margin-left: calc(-4% \/ 2 );margin-right: calc(-4% \/ 2 );\"><div class=\"fusion-layout-column fusion_builder_column fusion-builder-column-0 fusion_builder_column_1_1 1_1 fusion-flex-column\" style=\"--awb-bg-size:cover;--awb-width-large:100%;--awb-margin-top-large:50px;--awb-spacing-right-large:1.92%;--awb-margin-bottom-large:20px;--awb-spacing-left-large:1.92%;--awb-width-medium:100%;--awb-order-medium:0;--awb-spacing-right-medium:1.92%;--awb-spacing-left-medium:1.92%;--awb-width-small:100%;--awb-order-small:0;--awb-spacing-right-small:1.92%;--awb-margin-bottom-small:0px;--awb-spacing-left-small:1.92%;\"><div class=\"fusion-column-wrapper fusion-column-has-shadow fusion-flex-justify-content-flex-start fusion-content-layout-column\"><div class=\"fusion-title title fusion-title-1 fusion-sep-none fusion-title-text fusion-title-size-one\" style=\"--awb-text-color:var(--awb-color4);--awb-margin-bottom:30px;--awb-margin-top-small:10px;--awb-margin-right-small:0px;--awb-margin-bottom-small:30px;--awb-margin-left-small:0px;--awb-font-size:40px;\"><h1 class=\"fusion-title-heading title-heading-left fusion-responsive-typography-calculated\" style=\"margin:0;font-size:1em;--fontSize:40;line-height:1.4;\">Barrierefreiheitserkl\u00e4rung<\/h1><\/div><div class=\"fusion-text fusion-text-1\"><p>Erkl\u00e4rung zur Barrierefreiheit<\/p>\n<p>HRG Hospitality B.V. &amp; Co. KG<br \/>\nHauptstra\u00dfe 66<br \/>\nD-12159 Berlin<\/p>\n<p>Domain: https:\/\/revo-hospitality-group.com\/<br \/>\nTelefon: +49 (0)30 773 27 80 \u2013 0<br \/>\nTelefax: +49 (0)30 773 27 80 \u2013 29<br \/>\nE-Mail:\u00a0info@revo-h.com<\/p>\n<p><strong>Stand der Barrierefreiheit<\/strong><\/p>\n<p>Das Ziel der HRG Hospitality B.V. &amp; Co. KG, ist es, ihre Internetpr\u00e4senz im Einklang mit dem Barrierefreiheitsst\u00e4rkungsgesetz (BFSG) sowie der Barrierefreien-Informationstechnik-Verordnung (BITV 2.0) barrierefrei zug\u00e4nglich zu gestalten. Wir m\u00f6chten allen Menschen, unabh\u00e4ngig von ihren individuellen F\u00e4higkeiten, einen m\u00f6glichst einfachen und barrierefreien Zugang zu unseren Informationen und Angeboten erm\u00f6glichen.<\/p>\n<p>Diese Erkl\u00e4rung zur Barrierefreiheit gilt f\u00fcr\u00a0https:\/\/revo-hospitality-group.com\/ und basiert auf einer internen Selbstbewertung vom 3. Juli 2025.<\/p>\n<p><strong>Kontakt und Feedback<\/strong><\/p>\n<p>Sollten Sie auf Barrieren sto\u00dfen oder Hinweise zur Barrierefreiheit unserer Website haben, kontaktieren Sie uns gerne:\u00a0web.corporate@revo-h.com<\/p>\n<p><strong>Durchsetzungsverfahren<\/strong><\/p>\n<p>Wenn Sie mit unserer Antwort nicht zufrieden sind, k\u00f6nnen Sie sich an die Schlichtungsstelle nach dem Behindertengleichstellungsgesetz wenden:<\/p>\n<p><strong>Schlichtungsstelle BGG\u00a0<\/strong><br \/>\nc\/o Bundesbeauftragter f\u00fcr die Belange von Menschen mit Behinderungen<br \/>\nMauerstra\u00dfe 53, 10117 Berlin<br \/>\nTelefon: +49 30 18 527-2805<br \/>\nE-mail:\u00a0<a href=\"mailto:info@schlichtungsstelle-bgg.de\">info@schlichtungsstelle-bgg.de<\/a><br \/>\n<a href=\"https:\/\/www.schlichtungsstelle-bgg.de\/\">www.schlichtungsstelle-bgg.de<\/a><\/p>\n<\/div><\/div><\/div><\/div><\/div>\n","protected":false},"excerpt":{"rendered":"","protected":false},"author":3,"featured_media":2685,"parent":0,"menu_order":34,"comment_status":"closed","ping_status":"closed","template":"100-width.php","meta":{"inline_featured_image":false,"footnotes":""},"class_list":["post-6098","page","type-page","status-publish","has-post-thumbnail","hentry"],"yoast_head":"<!-- This site is optimized with the Yoast SEO plugin v27.5 - https:\/\/yoast.com\/product\/yoast-seo-wordpress\/ -->\n<title>Barrierefreiheitserkl\u00e4rung der Revo Hospitality Group<\/title>\n<meta name=\"description\" content=\"Erfahren Sie, wie die Revo Hospitality Group digitale Barrierefreiheit gem\u00e4\u00df \u00a7\u202f12 BFSG umsetzt. Transparente Informationen zu Ma\u00dfnahmen, Fristen und barrierefreien Alternativen auf einen Blick.\" \/>\n<meta name=\"robots\" content=\"index, follow, max-snippet:-1, max-image-preview:large, max-video-preview:-1\" \/>\n<link rel=\"canonical\" href=\"https:\/\/revo-hospitality-group.com\/de\/barrierefreiheitserklaerung\/\" \/>\n<meta property=\"og:locale\" content=\"de_DE\" \/>\n<meta property=\"og:type\" content=\"article\" \/>\n<meta property=\"og:title\" content=\"Barrierefreiheitserkl\u00e4rung der Revo Hospitality Group\" \/>\n<meta property=\"og:description\" content=\"Erfahren Sie, wie die Revo Hospitality Group digitale Barrierefreiheit gem\u00e4\u00df \u00a7\u202f12 BFSG umsetzt. Transparente Informationen zu Ma\u00dfnahmen, Fristen und barrierefreien Alternativen auf einen Blick.\" \/>\n<meta property=\"og:url\" content=\"https:\/\/revo-hospitality-group.com\/de\/barrierefreiheitserklaerung\/\" \/>\n<meta property=\"og:site_name\" content=\"Revo Hospitality Group\" \/>\n<meta property=\"article:publisher\" content=\"https:\/\/www.facebook.com\/RevoHospitalityGroup\" \/>\n<meta property=\"article:modified_time\" content=\"2025-08-05T08:58:54+00:00\" \/>\n<meta property=\"og:image\" content=\"https:\/\/p-hgtu33.project.space\/wp-content\/uploads\/2025\/03\/rhg-logo-white-bg-512x512-1.jpg\" \/>\n\t<meta property=\"og:image:width\" content=\"512\" \/>\n\t<meta property=\"og:image:height\" content=\"512\" \/>\n\t<meta property=\"og:image:type\" content=\"image\/jpeg\" \/>\n<meta name=\"twitter:card\" content=\"summary_large_image\" \/>\n<script type=\"application\/ld+json\" class=\"yoast-schema-graph\">{\"@context\":\"https:\\\/\\\/schema.org\",\"@graph\":[{\"@type\":\"WebPage\",\"@id\":\"https:\\\/\\\/revo-hospitality-group.com\\\/de\\\/barrierefreiheitserklaerung\\\/\",\"url\":\"https:\\\/\\\/revo-hospitality-group.com\\\/de\\\/barrierefreiheitserklaerung\\\/\",\"name\":\"Barrierefreiheitserkl\u00e4rung der Revo Hospitality Group\",\"isPartOf\":{\"@id\":\"https:\\\/\\\/p-hgtu33.project.space\\\/#website\"},\"primaryImageOfPage\":{\"@id\":\"https:\\\/\\\/revo-hospitality-group.com\\\/de\\\/barrierefreiheitserklaerung\\\/#primaryimage\"},\"image\":{\"@id\":\"https:\\\/\\\/revo-hospitality-group.com\\\/de\\\/barrierefreiheitserklaerung\\\/#primaryimage\"},\"thumbnailUrl\":\"https:\\\/\\\/revo-hospitality-group.com\\\/wp-content\\\/uploads\\\/2025\\\/03\\\/rhg-logo-white-bg-512x512-1.webp\",\"datePublished\":\"2025-06-24T12:21:14+00:00\",\"dateModified\":\"2025-08-05T08:58:54+00:00\",\"description\":\"Erfahren Sie, wie die Revo Hospitality Group digitale Barrierefreiheit gem\u00e4\u00df \u00a7\u202f12 BFSG umsetzt. Transparente Informationen zu Ma\u00dfnahmen, Fristen und barrierefreien Alternativen auf einen Blick.\",\"breadcrumb\":{\"@id\":\"https:\\\/\\\/revo-hospitality-group.com\\\/de\\\/barrierefreiheitserklaerung\\\/#breadcrumb\"},\"inLanguage\":\"de\",\"potentialAction\":[{\"@type\":\"ReadAction\",\"target\":[\"https:\\\/\\\/revo-hospitality-group.com\\\/de\\\/barrierefreiheitserklaerung\\\/\"]}]},{\"@type\":\"ImageObject\",\"inLanguage\":\"de\",\"@id\":\"https:\\\/\\\/revo-hospitality-group.com\\\/de\\\/barrierefreiheitserklaerung\\\/#primaryimage\",\"url\":\"https:\\\/\\\/revo-hospitality-group.com\\\/wp-content\\\/uploads\\\/2025\\\/03\\\/rhg-logo-white-bg-512x512-1.webp\",\"contentUrl\":\"https:\\\/\\\/revo-hospitality-group.com\\\/wp-content\\\/uploads\\\/2025\\\/03\\\/rhg-logo-white-bg-512x512-1.webp\",\"width\":512,\"height\":512},{\"@type\":\"BreadcrumbList\",\"@id\":\"https:\\\/\\\/revo-hospitality-group.com\\\/de\\\/barrierefreiheitserklaerung\\\/#breadcrumb\",\"itemListElement\":[{\"@type\":\"ListItem\",\"position\":1,\"name\":\"Home\",\"item\":\"https:\\\/\\\/p-hgtu33.project.space\\\/de\\\/home\\\/\"},{\"@type\":\"ListItem\",\"position\":2,\"name\":\"Barrierefreiheit\"}]},{\"@type\":\"WebSite\",\"@id\":\"https:\\\/\\\/p-hgtu33.project.space\\\/#website\",\"url\":\"https:\\\/\\\/p-hgtu33.project.space\\\/\",\"name\":\"Revo Hospitality Group\",\"description\":\"Europe\u2019s largest multi-brand hotel operator\",\"publisher\":{\"@id\":\"https:\\\/\\\/p-hgtu33.project.space\\\/#organization\"},\"potentialAction\":[{\"@type\":\"SearchAction\",\"target\":{\"@type\":\"EntryPoint\",\"urlTemplate\":\"https:\\\/\\\/p-hgtu33.project.space\\\/?s={search_term_string}\"},\"query-input\":{\"@type\":\"PropertyValueSpecification\",\"valueRequired\":true,\"valueName\":\"search_term_string\"}}],\"inLanguage\":\"de\"},{\"@type\":\"Organization\",\"@id\":\"https:\\\/\\\/p-hgtu33.project.space\\\/#organization\",\"name\":\"Revo Hospitality Group\",\"url\":\"https:\\\/\\\/p-hgtu33.project.space\\\/\",\"logo\":{\"@type\":\"ImageObject\",\"inLanguage\":\"de\",\"@id\":\"https:\\\/\\\/p-hgtu33.project.space\\\/#\\\/schema\\\/logo\\\/image\\\/\",\"url\":\"https:\\\/\\\/revo-hospitality-group.com\\\/wp-content\\\/uploads\\\/2025\\\/03\\\/rhg-logo-white-bg-512x512-1.jpg\",\"contentUrl\":\"https:\\\/\\\/revo-hospitality-group.com\\\/wp-content\\\/uploads\\\/2025\\\/03\\\/rhg-logo-white-bg-512x512-1.jpg\",\"width\":512,\"height\":512,\"caption\":\"Revo Hospitality Group\"},\"image\":{\"@id\":\"https:\\\/\\\/p-hgtu33.project.space\\\/#\\\/schema\\\/logo\\\/image\\\/\"},\"sameAs\":[\"https:\\\/\\\/www.facebook.com\\\/RevoHospitalityGroup\",\"https:\\\/\\\/www.instagram.com\\\/revo_hospitality_group\\\/\"]}]}<\/script>\n<!-- \/ Yoast SEO plugin. -->","yoast_head_json":{"title":"Barrierefreiheitserkl\u00e4rung der Revo Hospitality Group","description":"Erfahren Sie, wie die Revo Hospitality Group digitale Barrierefreiheit gem\u00e4\u00df \u00a7\u202f12 BFSG umsetzt. Transparente Informationen zu Ma\u00dfnahmen, Fristen und barrierefreien Alternativen auf einen Blick.","robots":{"index":"index","follow":"follow","max-snippet":"max-snippet:-1","max-image-preview":"max-image-preview:large","max-video-preview":"max-video-preview:-1"},"canonical":"https:\/\/revo-hospitality-group.com\/de\/barrierefreiheitserklaerung\/","og_locale":"de_DE","og_type":"article","og_title":"Barrierefreiheitserkl\u00e4rung der Revo Hospitality Group","og_description":"Erfahren Sie, wie die Revo Hospitality Group digitale Barrierefreiheit gem\u00e4\u00df \u00a7\u202f12 BFSG umsetzt. Transparente Informationen zu Ma\u00dfnahmen, Fristen und barrierefreien Alternativen auf einen Blick.","og_url":"https:\/\/revo-hospitality-group.com\/de\/barrierefreiheitserklaerung\/","og_site_name":"Revo Hospitality Group","article_publisher":"https:\/\/www.facebook.com\/RevoHospitalityGroup","article_modified_time":"2025-08-05T08:58:54+00:00","og_image":[{"width":512,"height":512,"url":"https:\/\/p-hgtu33.project.space\/wp-content\/uploads\/2025\/03\/rhg-logo-white-bg-512x512-1.jpg","type":"image\/jpeg"}],"twitter_card":"summary_large_image","schema":{"@context":"https:\/\/schema.org","@graph":[{"@type":"WebPage","@id":"https:\/\/revo-hospitality-group.com\/de\/barrierefreiheitserklaerung\/","url":"https:\/\/revo-hospitality-group.com\/de\/barrierefreiheitserklaerung\/","name":"Barrierefreiheitserkl\u00e4rung der Revo Hospitality Group","isPartOf":{"@id":"https:\/\/p-hgtu33.project.space\/#website"},"primaryImageOfPage":{"@id":"https:\/\/revo-hospitality-group.com\/de\/barrierefreiheitserklaerung\/#primaryimage"},"image":{"@id":"https:\/\/revo-hospitality-group.com\/de\/barrierefreiheitserklaerung\/#primaryimage"},"thumbnailUrl":"https:\/\/revo-hospitality-group.com\/wp-content\/uploads\/2025\/03\/rhg-logo-white-bg-512x512-1.webp","datePublished":"2025-06-24T12:21:14+00:00","dateModified":"2025-08-05T08:58:54+00:00","description":"Erfahren Sie, wie die Revo Hospitality Group digitale Barrierefreiheit gem\u00e4\u00df \u00a7\u202f12 BFSG umsetzt. Transparente Informationen zu Ma\u00dfnahmen, Fristen und barrierefreien Alternativen auf einen Blick.","breadcrumb":{"@id":"https:\/\/revo-hospitality-group.com\/de\/barrierefreiheitserklaerung\/#breadcrumb"},"inLanguage":"de","potentialAction":[{"@type":"ReadAction","target":["https:\/\/revo-hospitality-group.com\/de\/barrierefreiheitserklaerung\/"]}]},{"@type":"ImageObject","inLanguage":"de","@id":"https:\/\/revo-hospitality-group.com\/de\/barrierefreiheitserklaerung\/#primaryimage","url":"https:\/\/revo-hospitality-group.com\/wp-content\/uploads\/2025\/03\/rhg-logo-white-bg-512x512-1.webp","contentUrl":"https:\/\/revo-hospitality-group.com\/wp-content\/uploads\/2025\/03\/rhg-logo-white-bg-512x512-1.webp","width":512,"height":512},{"@type":"BreadcrumbList","@id":"https:\/\/revo-hospitality-group.com\/de\/barrierefreiheitserklaerung\/#breadcrumb","itemListElement":[{"@type":"ListItem","position":1,"name":"Home","item":"https:\/\/p-hgtu33.project.space\/de\/home\/"},{"@type":"ListItem","position":2,"name":"Barrierefreiheit"}]},{"@type":"WebSite","@id":"https:\/\/p-hgtu33.project.space\/#website","url":"https:\/\/p-hgtu33.project.space\/","name":"Revo Hospitality Group","description":"Europe\u2019s largest multi-brand hotel operator","publisher":{"@id":"https:\/\/p-hgtu33.project.space\/#organization"},"potentialAction":[{"@type":"SearchAction","target":{"@type":"EntryPoint","urlTemplate":"https:\/\/p-hgtu33.project.space\/?s={search_term_string}"},"query-input":{"@type":"PropertyValueSpecification","valueRequired":true,"valueName":"search_term_string"}}],"inLanguage":"de"},{"@type":"Organization","@id":"https:\/\/p-hgtu33.project.space\/#organization","name":"Revo Hospitality Group","url":"https:\/\/p-hgtu33.project.space\/","logo":{"@type":"ImageObject","inLanguage":"de","@id":"https:\/\/p-hgtu33.project.space\/#\/schema\/logo\/image\/","url":"https:\/\/revo-hospitality-group.com\/wp-content\/uploads\/2025\/03\/rhg-logo-white-bg-512x512-1.jpg","contentUrl":"https:\/\/revo-hospitality-group.com\/wp-content\/uploads\/2025\/03\/rhg-logo-white-bg-512x512-1.jpg","width":512,"height":512,"caption":"Revo Hospitality Group"},"image":{"@id":"https:\/\/p-hgtu33.project.space\/#\/schema\/logo\/image\/"},"sameAs":["https:\/\/www.facebook.com\/RevoHospitalityGroup","https:\/\/www.instagram.com\/revo_hospitality_group\/"]}]}},"jetpack_sharing_enabled":true,"_links":{"self":[{"href":"https:\/\/revo-hospitality-group.com\/de\/wp-json\/wp\/v2\/pages\/6098","targetHints":{"allow":["GET"]}}],"collection":[{"href":"https:\/\/revo-hospitality-group.com\/de\/wp-json\/wp\/v2\/pages"}],"about":[{"href":"https:\/\/revo-hospitality-group.com\/de\/wp-json\/wp\/v2\/types\/page"}],"author":[{"embeddable":true,"href":"https:\/\/revo-hospitality-group.com\/de\/wp-json\/wp\/v2\/users\/3"}],"replies":[{"embeddable":true,"href":"https:\/\/revo-hospitality-group.com\/de\/wp-json\/wp\/v2\/comments?post=6098"}],"version-history":[{"count":5,"href":"https:\/\/revo-hospitality-group.com\/de\/wp-json\/wp\/v2\/pages\/6098\/revisions"}],"predecessor-version":[{"id":6839,"href":"https:\/\/revo-hospitality-group.com\/de\/wp-json\/wp\/v2\/pages\/6098\/revisions\/6839"}],"wp:featuredmedia":[{"embeddable":true,"href":"https:\/\/revo-hospitality-group.com\/de\/wp-json\/wp\/v2\/media\/2685"}],"wp:attachment":[{"href":"https:\/\/revo-hospitality-group.com\/de\/wp-json\/wp\/v2\/media?parent=6098"}],"curies":[{"name":"wp","href":"https:\/\/api.w.org\/{rel}","templated":true}]}}