{"id":4682,"date":"2025-01-23T11:08:27","date_gmt":"2025-01-23T11:08:27","guid":{"rendered":"https:\/\/revo-hospitality-group.com\/impressum\/"},"modified":"2026-01-21T13:44:19","modified_gmt":"2026-01-21T13:44:19","slug":"impressum","status":"publish","type":"page","link":"https:\/\/revo-hospitality-group.com\/de\/impressum\/","title":{"rendered":"Impressum"},"content":{"rendered":"<div class=\"fusion-fullwidth fullwidth-box fusion-builder-row-1 fusion-flex-container has-pattern-background has-mask-background nonhundred-percent-fullwidth non-hundred-percent-height-scrolling\" style=\"--awb-border-radius-top-left:0px;--awb-border-radius-top-right:0px;--awb-border-radius-bottom-right:0px;--awb-border-radius-bottom-left:0px;--awb-flex-wrap:wrap;\" ><div class=\"fusion-builder-row fusion-row fusion-flex-align-items-flex-start fusion-flex-content-wrap\" style=\"max-width:1248px;margin-left: calc(-4% \/ 2 );margin-right: calc(-4% \/ 2 );\"><div class=\"fusion-layout-column fusion_builder_column fusion-builder-column-0 fusion_builder_column_1_1 1_1 fusion-flex-column\" style=\"--awb-bg-size:cover;--awb-width-large:100%;--awb-margin-top-large:50px;--awb-spacing-right-large:1.92%;--awb-margin-bottom-large:20px;--awb-spacing-left-large:1.92%;--awb-width-medium:100%;--awb-order-medium:0;--awb-spacing-right-medium:1.92%;--awb-spacing-left-medium:1.92%;--awb-width-small:100%;--awb-order-small:0;--awb-spacing-right-small:1.92%;--awb-margin-bottom-small:0px;--awb-spacing-left-small:1.92%;\"><div class=\"fusion-column-wrapper fusion-column-has-shadow fusion-flex-justify-content-flex-start fusion-content-layout-column\"><div class=\"fusion-title title fusion-title-1 fusion-sep-none fusion-title-text fusion-title-size-one\" style=\"--awb-text-color:var(--awb-color4);--awb-margin-bottom:30px;--awb-margin-top-small:10px;--awb-margin-right-small:0px;--awb-margin-bottom-small:30px;--awb-margin-left-small:0px;--awb-font-size:40px;\"><h1 class=\"fusion-title-heading title-heading-left fusion-responsive-typography-calculated\" style=\"margin:0;font-size:1em;--fontSize:40;line-height:1.4;\">Impressum<\/h1><\/div><div class=\"fusion-text fusion-text-1\"><p><b><span data-contrast=\"auto\">Angaben gem\u00e4\u00df \u00a7 5 DDG<\/span><\/b><span data-ccp-props=\"\"> <\/span><\/p>\n<p><span data-contrast=\"auto\">HRG Hospitality B.V. & Co. <\/span> <span data-contrast=\"auto\"> KG<\/span><span data-ccp-props=\"\"> <\/span><\/p>\n<p><span data-contrast=\"auto\">Hauptstra\u00dfe 66<\/span><span data-ccp-props=\"\"> <\/span><\/p>\n<p><span data-contrast=\"auto\">12159 Berlin<\/span><span data-ccp-props=\"\"> <\/span><\/p>\n<p><span data-contrast=\"auto\">Deutschland<\/span><span data-ccp-props=\"\"> <\/span><\/p>\n<p><span data-ccp-props=\"\"> <\/span><\/p>\n<p><b><span data-contrast=\"auto\">Management:<\/span><\/b><span data-ccp-props=\"\"> <\/span><\/p>\n<p><span data-contrast=\"auto\">Vertreten durch ihre pers\u00f6nlich haftende Gesellschafterin<\/span><span data-ccp-props=\"\"> <\/span><\/p>\n<p><span data-contrast=\"auto\">HRG Hotels Management B.V.<\/span><span data-ccp-props=\"\"> <\/span><\/p>\n<p><span data-contrast=\"auto\">Sloterweg 299<\/span><span data-ccp-props=\"\"> <\/span><\/p>\n<p><span data-contrast=\"auto\">1171 VB Badhoevedorp<\/span><span data-ccp-props=\"\"> <\/span><\/p>\n<p><span data-contrast=\"auto\">Niederlande<\/span><span data-ccp-props=\"\"> <\/span><\/p>\n<p><span data-ccp-props=\"\"> <\/span><\/p>\n<p><b><span data-contrast=\"auto\">Gesch\u00e4ftsf\u00fchrer:<\/span><\/b><span data-ccp-props=\"\"> <\/span><\/p>\n<p><span data-contrast=\"auto\">Robert K. Kennedy<\/span><span data-ccp-props=\"\"> <\/span><\/p>\n<p><span data-ccp-props=\"\"> <\/span><\/p>\n<p><b><span data-contrast=\"auto\">Generalvollmacht:<\/span><\/b><span data-ccp-props=\"\"> <\/span><\/p>\n<p><span data-contrast=\"auto\">Benedikt de Bruyn; Gordon Geiser<\/span><span data-ccp-props=\"\"> <\/span><\/p>\n<p><span data-ccp-props=\"\"> <\/span><\/p>\n<p><b><span data-contrast=\"auto\">Kontakt<\/span><\/b><span data-ccp-props=\"\"> <\/span><\/p>\n<p><span data-contrast=\"auto\">Tel: +49 30 773 27 80 \u2013 0<\/span><span data-ccp-props=\"\"> <\/span><\/p>\n<p><span data-contrast=\"auto\">Fax: +49 30 773 27 80 \u2013 29<\/span><span data-ccp-props=\"\"> <\/span><\/p>\n<p><span data-contrast=\"auto\">E-Mail: info@revo-h.com<\/span><span data-ccp-props=\"\"> <\/span><\/p>\n<p><span data-contrast=\"auto\">Web: <a href=\"http:\/\/www.revo-h.com\">www.revo-h.com<\/a><\/span><span data-ccp-props=\"\"> <\/span><\/p>\n<p><span data-ccp-props=\"\"> <\/span><\/p>\n<p><span data-contrast=\"auto\">Sitz der Gesellschaft:<\/span><span data-ccp-props=\"\"> <\/span><\/p>\n<p><span data-contrast=\"auto\">Registergericht: Amtsgericht Berlin-Charlottenburg<\/span><span data-ccp-props=\"\"> <\/span><\/p>\n<p><span data-contrast=\"auto\">Reg. Nr.: HRA 63360 B<\/span><span data-ccp-props=\"\"> <\/span><\/p>\n<p><span data-ccp-props=\"\"> <\/span><\/p>\n<p><b><span data-contrast=\"auto\">VAT-ID<\/span> Nr.:<\/b> <span data-contrast=\"auto\">DE418064850<\/span><span data-ccp-props=\"\"> <\/span><\/p>\n<p><span data-ccp-props=\"\"> <\/span><\/p>\n<p><b><span data-contrast=\"auto\">T\u00e4tigkeitsbereich:<\/span><\/b><span data-ccp-props=\"\"> <\/span><\/p>\n<p><span data-contrast=\"auto\">Hotellerie, Hotelbetrieb, Hotelmanagement und Projektentwicklung<\/span><span data-ccp-props=\"\"> <\/span><\/p>\n<p><span data-ccp-props=\"\"> <\/span><\/p>\n<p><b><span data-contrast=\"auto\">Haftung f\u00fcr Inhalte und externe Links (\u00a7 7\u201310 TMG)<\/span><\/b><span data-ccp-props=\"\"> <\/span><\/p>\n<p><span data-contrast=\"auto\">Die Inhalte dieser Webseite werden mit gr\u00f6\u00dftm\u00f6glicher Sorgfalt erstellt und regelm\u00e4\u00dfig aktualisiert. F\u00fcr die Richtigkeit, Vollst\u00e4ndigkeit und Aktualit\u00e4t \u00fcbernehmen wir jedoch keine Gew\u00e4hr. Als Diensteanbieter sind wir gem\u00e4\u00df \u00a7 7 Abs. 1 TMG f\u00fcr eigene Inhalte verantwortlich. <br data-mce-bogus=\"1\"> Nach \u00a7\u00a7 8\u201310 TMG besteht keine Verpflichtung, \u00fcbermittelte oder gespeicherte fremde Informationen zu \u00fcberwachen. Diese Webseite enth\u00e4lt Links zu externen Webseiten, auf deren Inhalte wir keinen Einfluss haben. F\u00fcr die Inhalte der verlinkten Seiten sind ausschlie\u00dflich deren Betreiber verantwortlich.<\/span><span data-ccp-props=\"\"> <\/span><\/p>\n<p><span data-ccp-props=\"\"> <\/span><\/p>\n<p><b><span data-contrast=\"auto\">Urheberrecht<\/span><\/b><span data-ccp-props=\"\"> <\/span><\/p>\n<p><span data-contrast=\"auto\">Alle Inhalte dieser Webseite sind urheberrechtlich gesch\u00fctzt. Eine Verwendung \u00fcber die gesetzlich zul\u00e4ssigen Grenzen hinaus bedarf der vorherigen schriftlichen Zustimmung, soweit nicht anders gekennzeichnet. <\/span><span data-ccp-props=\"\"> <\/span><\/p>\n<p><span data-ccp-props=\"\"> <\/span><\/p>\n<p><b><span data-contrast=\"auto\">Verbraucherstreitbeilegung:<\/span><\/b><span data-ccp-props=\"\"> <\/span><\/p>\n<p><span data-contrast=\"auto\">Wir sind nicht bereit und nicht verpflichtet, an Streitbeilegungsverfahren<\/span> <span data-contrast=\"auto\">vor einer Verbraucherschlichtungsstelle teilzunehmen.<\/span><span data-ccp-props=\"\"> <\/span><\/p>\n<p><span data-ccp-props=\"\"> <\/span><\/p>\n<p><b><span data-contrast=\"auto\">Anwendbares Recht:<\/span><\/b><span data-ccp-props=\"\"> <\/span><\/p>\n<p><span data-contrast=\"auto\">Die rechtlichen Hinweise auf dieser Seite sowie alle Fragen und Streitigkeiten im Zusammenhang mit dieser Webseite unterliegen dem Recht der Bundesrepublik Deutschland.<\/span><span data-ccp-props=\"\"> <\/span><\/p>\n<p><span data-ccp-props=\"\"> <\/span><\/p>\n<p><span data-contrast=\"auto\">*Das Unternehmen ist Teil der Revo Hospitality Group. <br data-mce-bogus=\"1\"><\/span><span data-ccp-props=\"\"> <\/span><\/p>\n<\/div><\/div><\/div><\/div><\/div>\n","protected":false},"excerpt":{"rendered":"","protected":false},"author":1,"featured_media":2685,"parent":0,"menu_order":37,"comment_status":"closed","ping_status":"closed","template":"100-width.php","meta":{"inline_featured_image":false,"footnotes":""},"class_list":["post-4682","page","type-page","status-publish","has-post-thumbnail","hentry"],"yoast_head":"<!-- This site is optimized with the Yoast SEO plugin v27.5 - https:\/\/yoast.com\/product\/yoast-seo-wordpress\/ -->\n<title>Impressum | Revo Hospitality Group<\/title>\n<meta name=\"description\" content=\"Erfahren Sie, wie die Revo Hospitality Group digitale Barrierefreiheit gem\u00e4\u00df \u00a7\u202f12 BFSG umsetzt. Transparente Informationen zu Ma\u00dfnahmen, Fristen und barrierefreien Alternativen auf einen Blick.\" \/>\n<meta name=\"robots\" content=\"index, follow, max-snippet:-1, max-image-preview:large, max-video-preview:-1\" \/>\n<link rel=\"canonical\" href=\"https:\/\/revo-hospitality-group.com\/de\/impressum\/\" \/>\n<meta property=\"og:locale\" content=\"de_DE\" \/>\n<meta property=\"og:type\" content=\"article\" \/>\n<meta property=\"og:title\" content=\"Impressum | Revo Hospitality Group\" \/>\n<meta property=\"og:description\" content=\"Erfahren Sie, wie die Revo Hospitality Group digitale Barrierefreiheit gem\u00e4\u00df \u00a7\u202f12 BFSG umsetzt. Transparente Informationen zu Ma\u00dfnahmen, Fristen und barrierefreien Alternativen auf einen Blick.\" \/>\n<meta property=\"og:url\" content=\"https:\/\/revo-hospitality-group.com\/de\/impressum\/\" \/>\n<meta property=\"og:site_name\" content=\"Revo Hospitality Group\" \/>\n<meta property=\"article:publisher\" content=\"https:\/\/www.facebook.com\/RevoHospitalityGroup\" \/>\n<meta property=\"article:modified_time\" content=\"2026-01-21T13:44:19+00:00\" \/>\n<meta property=\"og:image\" content=\"https:\/\/p-hgtu33.project.space\/wp-content\/uploads\/2025\/03\/rhg-logo-white-bg-512x512-1.jpg\" \/>\n\t<meta property=\"og:image:width\" content=\"512\" \/>\n\t<meta property=\"og:image:height\" content=\"512\" \/>\n\t<meta property=\"og:image:type\" content=\"image\/jpeg\" \/>\n<meta name=\"twitter:card\" content=\"summary_large_image\" \/>\n<script type=\"application\/ld+json\" class=\"yoast-schema-graph\">{\"@context\":\"https:\\\/\\\/schema.org\",\"@graph\":[{\"@type\":\"WebPage\",\"@id\":\"https:\\\/\\\/revo-hospitality-group.com\\\/de\\\/impressum\\\/\",\"url\":\"https:\\\/\\\/revo-hospitality-group.com\\\/de\\\/impressum\\\/\",\"name\":\"Impressum | Revo Hospitality Group\",\"isPartOf\":{\"@id\":\"https:\\\/\\\/p-hgtu33.project.space\\\/#website\"},\"primaryImageOfPage\":{\"@id\":\"https:\\\/\\\/revo-hospitality-group.com\\\/de\\\/impressum\\\/#primaryimage\"},\"image\":{\"@id\":\"https:\\\/\\\/revo-hospitality-group.com\\\/de\\\/impressum\\\/#primaryimage\"},\"thumbnailUrl\":\"https:\\\/\\\/revo-hospitality-group.com\\\/wp-content\\\/uploads\\\/2025\\\/03\\\/rhg-logo-white-bg-512x512-1.webp\",\"datePublished\":\"2025-01-23T11:08:27+00:00\",\"dateModified\":\"2026-01-21T13:44:19+00:00\",\"description\":\"Erfahren Sie, wie die Revo Hospitality Group digitale Barrierefreiheit gem\u00e4\u00df \u00a7\u202f12 BFSG umsetzt. Transparente Informationen zu Ma\u00dfnahmen, Fristen und barrierefreien Alternativen auf einen Blick.\",\"breadcrumb\":{\"@id\":\"https:\\\/\\\/revo-hospitality-group.com\\\/de\\\/impressum\\\/#breadcrumb\"},\"inLanguage\":\"de\",\"potentialAction\":[{\"@type\":\"ReadAction\",\"target\":[\"https:\\\/\\\/revo-hospitality-group.com\\\/de\\\/impressum\\\/\"]}]},{\"@type\":\"ImageObject\",\"inLanguage\":\"de\",\"@id\":\"https:\\\/\\\/revo-hospitality-group.com\\\/de\\\/impressum\\\/#primaryimage\",\"url\":\"https:\\\/\\\/revo-hospitality-group.com\\\/wp-content\\\/uploads\\\/2025\\\/03\\\/rhg-logo-white-bg-512x512-1.webp\",\"contentUrl\":\"https:\\\/\\\/revo-hospitality-group.com\\\/wp-content\\\/uploads\\\/2025\\\/03\\\/rhg-logo-white-bg-512x512-1.webp\",\"width\":512,\"height\":512},{\"@type\":\"BreadcrumbList\",\"@id\":\"https:\\\/\\\/revo-hospitality-group.com\\\/de\\\/impressum\\\/#breadcrumb\",\"itemListElement\":[{\"@type\":\"ListItem\",\"position\":1,\"name\":\"Home\",\"item\":\"https:\\\/\\\/p-hgtu33.project.space\\\/de\\\/home\\\/\"},{\"@type\":\"ListItem\",\"position\":2,\"name\":\"Impressum\"}]},{\"@type\":\"WebSite\",\"@id\":\"https:\\\/\\\/p-hgtu33.project.space\\\/#website\",\"url\":\"https:\\\/\\\/p-hgtu33.project.space\\\/\",\"name\":\"Revo Hospitality Group\",\"description\":\"Europe\u2019s largest multi-brand hotel operator\",\"publisher\":{\"@id\":\"https:\\\/\\\/p-hgtu33.project.space\\\/#organization\"},\"potentialAction\":[{\"@type\":\"SearchAction\",\"target\":{\"@type\":\"EntryPoint\",\"urlTemplate\":\"https:\\\/\\\/p-hgtu33.project.space\\\/?s={search_term_string}\"},\"query-input\":{\"@type\":\"PropertyValueSpecification\",\"valueRequired\":true,\"valueName\":\"search_term_string\"}}],\"inLanguage\":\"de\"},{\"@type\":\"Organization\",\"@id\":\"https:\\\/\\\/p-hgtu33.project.space\\\/#organization\",\"name\":\"Revo Hospitality Group\",\"url\":\"https:\\\/\\\/p-hgtu33.project.space\\\/\",\"logo\":{\"@type\":\"ImageObject\",\"inLanguage\":\"de\",\"@id\":\"https:\\\/\\\/p-hgtu33.project.space\\\/#\\\/schema\\\/logo\\\/image\\\/\",\"url\":\"https:\\\/\\\/revo-hospitality-group.com\\\/wp-content\\\/uploads\\\/2025\\\/03\\\/rhg-logo-white-bg-512x512-1.jpg\",\"contentUrl\":\"https:\\\/\\\/revo-hospitality-group.com\\\/wp-content\\\/uploads\\\/2025\\\/03\\\/rhg-logo-white-bg-512x512-1.jpg\",\"width\":512,\"height\":512,\"caption\":\"Revo Hospitality Group\"},\"image\":{\"@id\":\"https:\\\/\\\/p-hgtu33.project.space\\\/#\\\/schema\\\/logo\\\/image\\\/\"},\"sameAs\":[\"https:\\\/\\\/www.facebook.com\\\/RevoHospitalityGroup\",\"https:\\\/\\\/www.instagram.com\\\/revo_hospitality_group\\\/\"]}]}<\/script>\n<!-- \/ Yoast SEO plugin. -->","yoast_head_json":{"title":"Impressum | Revo Hospitality Group","description":"Erfahren Sie, wie die Revo Hospitality Group digitale Barrierefreiheit gem\u00e4\u00df \u00a7\u202f12 BFSG umsetzt. Transparente Informationen zu Ma\u00dfnahmen, Fristen und barrierefreien Alternativen auf einen Blick.","robots":{"index":"index","follow":"follow","max-snippet":"max-snippet:-1","max-image-preview":"max-image-preview:large","max-video-preview":"max-video-preview:-1"},"canonical":"https:\/\/revo-hospitality-group.com\/de\/impressum\/","og_locale":"de_DE","og_type":"article","og_title":"Impressum | Revo Hospitality Group","og_description":"Erfahren Sie, wie die Revo Hospitality Group digitale Barrierefreiheit gem\u00e4\u00df \u00a7\u202f12 BFSG umsetzt. Transparente Informationen zu Ma\u00dfnahmen, Fristen und barrierefreien Alternativen auf einen Blick.","og_url":"https:\/\/revo-hospitality-group.com\/de\/impressum\/","og_site_name":"Revo Hospitality Group","article_publisher":"https:\/\/www.facebook.com\/RevoHospitalityGroup","article_modified_time":"2026-01-21T13:44:19+00:00","og_image":[{"width":512,"height":512,"url":"https:\/\/p-hgtu33.project.space\/wp-content\/uploads\/2025\/03\/rhg-logo-white-bg-512x512-1.jpg","type":"image\/jpeg"}],"twitter_card":"summary_large_image","schema":{"@context":"https:\/\/schema.org","@graph":[{"@type":"WebPage","@id":"https:\/\/revo-hospitality-group.com\/de\/impressum\/","url":"https:\/\/revo-hospitality-group.com\/de\/impressum\/","name":"Impressum | Revo Hospitality Group","isPartOf":{"@id":"https:\/\/p-hgtu33.project.space\/#website"},"primaryImageOfPage":{"@id":"https:\/\/revo-hospitality-group.com\/de\/impressum\/#primaryimage"},"image":{"@id":"https:\/\/revo-hospitality-group.com\/de\/impressum\/#primaryimage"},"thumbnailUrl":"https:\/\/revo-hospitality-group.com\/wp-content\/uploads\/2025\/03\/rhg-logo-white-bg-512x512-1.webp","datePublished":"2025-01-23T11:08:27+00:00","dateModified":"2026-01-21T13:44:19+00:00","description":"Erfahren Sie, wie die Revo Hospitality Group digitale Barrierefreiheit gem\u00e4\u00df \u00a7\u202f12 BFSG umsetzt. Transparente Informationen zu Ma\u00dfnahmen, Fristen und barrierefreien Alternativen auf einen Blick.","breadcrumb":{"@id":"https:\/\/revo-hospitality-group.com\/de\/impressum\/#breadcrumb"},"inLanguage":"de","potentialAction":[{"@type":"ReadAction","target":["https:\/\/revo-hospitality-group.com\/de\/impressum\/"]}]},{"@type":"ImageObject","inLanguage":"de","@id":"https:\/\/revo-hospitality-group.com\/de\/impressum\/#primaryimage","url":"https:\/\/revo-hospitality-group.com\/wp-content\/uploads\/2025\/03\/rhg-logo-white-bg-512x512-1.webp","contentUrl":"https:\/\/revo-hospitality-group.com\/wp-content\/uploads\/2025\/03\/rhg-logo-white-bg-512x512-1.webp","width":512,"height":512},{"@type":"BreadcrumbList","@id":"https:\/\/revo-hospitality-group.com\/de\/impressum\/#breadcrumb","itemListElement":[{"@type":"ListItem","position":1,"name":"Home","item":"https:\/\/p-hgtu33.project.space\/de\/home\/"},{"@type":"ListItem","position":2,"name":"Impressum"}]},{"@type":"WebSite","@id":"https:\/\/p-hgtu33.project.space\/#website","url":"https:\/\/p-hgtu33.project.space\/","name":"Revo Hospitality Group","description":"Europe\u2019s largest multi-brand hotel operator","publisher":{"@id":"https:\/\/p-hgtu33.project.space\/#organization"},"potentialAction":[{"@type":"SearchAction","target":{"@type":"EntryPoint","urlTemplate":"https:\/\/p-hgtu33.project.space\/?s={search_term_string}"},"query-input":{"@type":"PropertyValueSpecification","valueRequired":true,"valueName":"search_term_string"}}],"inLanguage":"de"},{"@type":"Organization","@id":"https:\/\/p-hgtu33.project.space\/#organization","name":"Revo Hospitality Group","url":"https:\/\/p-hgtu33.project.space\/","logo":{"@type":"ImageObject","inLanguage":"de","@id":"https:\/\/p-hgtu33.project.space\/#\/schema\/logo\/image\/","url":"https:\/\/revo-hospitality-group.com\/wp-content\/uploads\/2025\/03\/rhg-logo-white-bg-512x512-1.jpg","contentUrl":"https:\/\/revo-hospitality-group.com\/wp-content\/uploads\/2025\/03\/rhg-logo-white-bg-512x512-1.jpg","width":512,"height":512,"caption":"Revo Hospitality Group"},"image":{"@id":"https:\/\/p-hgtu33.project.space\/#\/schema\/logo\/image\/"},"sameAs":["https:\/\/www.facebook.com\/RevoHospitalityGroup","https:\/\/www.instagram.com\/revo_hospitality_group\/"]}]}},"jetpack_sharing_enabled":true,"_links":{"self":[{"href":"https:\/\/revo-hospitality-group.com\/de\/wp-json\/wp\/v2\/pages\/4682","targetHints":{"allow":["GET"]}}],"collection":[{"href":"https:\/\/revo-hospitality-group.com\/de\/wp-json\/wp\/v2\/pages"}],"about":[{"href":"https:\/\/revo-hospitality-group.com\/de\/wp-json\/wp\/v2\/types\/page"}],"author":[{"embeddable":true,"href":"https:\/\/revo-hospitality-group.com\/de\/wp-json\/wp\/v2\/users\/1"}],"replies":[{"embeddable":true,"href":"https:\/\/revo-hospitality-group.com\/de\/wp-json\/wp\/v2\/comments?post=4682"}],"version-history":[{"count":5,"href":"https:\/\/revo-hospitality-group.com\/de\/wp-json\/wp\/v2\/pages\/4682\/revisions"}],"predecessor-version":[{"id":7772,"href":"https:\/\/revo-hospitality-group.com\/de\/wp-json\/wp\/v2\/pages\/4682\/revisions\/7772"}],"wp:featuredmedia":[{"embeddable":true,"href":"https:\/\/revo-hospitality-group.com\/de\/wp-json\/wp\/v2\/media\/2685"}],"wp:attachment":[{"href":"https:\/\/revo-hospitality-group.com\/de\/wp-json\/wp\/v2\/media?parent=4682"}],"curies":[{"name":"wp","href":"https:\/\/api.w.org\/{rel}","templated":true}]}}